{"id":438,"date":"2025-04-27T02:49:46","date_gmt":"2025-04-27T06:49:46","guid":{"rendered":"https:\/\/eclairagesmathieu.com?page_id=438"},"modified":"2025-05-22T19:17:45","modified_gmt":"2025-05-22T23:17:45","slug":"audio","status":"publish","type":"page","link":"https:\/\/eclairagesmathieu.com\/en\/audio\/","title":{"rendered":"Audio"},"content":{"rendered":"<p>[et_pb_section fb_built=\u00a0\u00bb1&Prime; admin_label=\u00a0\u00bbHero\u00a0\u00bb _builder_version=\u00a0\u00bb4.27.4&Prime; _module_preset=\u00a0\u00bbdefault\u00a0\u00bb background_enable_color=\u00a0\u00bboff\u00a0\u00bb background_image=\u00a0\u00bbhttps:\/\/eclairagesmathieu.com\/wp-content\/uploads\/2025\/05\/home.png\u00a0\u00bb background_size=\u00a0\u00bbinitial\u00a0\u00bb background_position=\u00a0\u00bbbottom_right\u00a0\u00bb background_enable_mask_style=\u00a0\u00bbon\u00a0\u00bb background_mask_style=\u00a0\u00bbhoneycomb\u00a0\u00bb custom_padding=\u00a0\u00bb5vw||5vw||true|false\u00a0\u00bb hover_enabled=\u00a0\u00bb0&Prime; background_last_edited=\u00a0\u00bbon|phone\u00a0\u00bb background_size_phone=\u00a0\u00bbcover\u00a0\u00bb background_image_width_phone=\u00a0\u00bb100%\u00a0\u00bb background_image_height_phone=\u00a0\u00bb100%\u00a0\u00bb background_position_phone=\u00a0\u00bbcenter\u00a0\u00bb locked=\u00a0\u00bboff\u00a0\u00bb collapsed=\u00a0\u00bboff\u00a0\u00bb global_colors_info=\u00a0\u00bb{}\u00a0\u00bb background__hover_enabled=\u00a0\u00bbon|desktop\u00a0\u00bb sticky_enabled=\u00a0\u00bb0&Prime;][et_pb_row column_structure=\u00a0\u00bb1_2,1_2&Prime; _builder_version=\u00a0\u00bb4.27.4&Prime; _module_preset=\u00a0\u00bb5138c454-be54-4233-bd3b-f8e6a8747976&Prime; locked=\u00a0\u00bboff\u00a0\u00bb global_colors_info=\u00a0\u00bb{}\u00a0\u00bb][et_pb_column type=\u00a0\u00bb1_2&Prime; _builder_version=\u00a0\u00bb4.27.4&Prime; _module_preset=\u00a0\u00bb73121f80-a3ef-4484-8763-c3f18e3c56d2&Prime; global_colors_info=\u00a0\u00bb{}\u00a0\u00bb][et_pb_heading title=\u00a0\u00bbSyst\u00e8mes Audio Ext\u00e9rieurs Professionnels\u00a0\u00bb _builder_version=\u00a0\u00bb4.27.4&Prime; _module_preset=\u00a0\u00bbddeb8c09-9078-4424-bc15-2efb6572e28e\u00a0\u00bb max_width_tablet=\u00a0\u00bb\u00a0\u00bb max_width_phone=\u00a0\u00bb73%\u00a0\u00bb max_width_last_edited=\u00a0\u00bbon|phone\u00a0\u00bb locked=\u00a0\u00bboff\u00a0\u00bb global_colors_info=\u00a0\u00bb{}\u00a0\u00bb][\/et_pb_heading][et_pb_text _builder_version=\u00a0\u00bb4.27.4&Prime; _module_preset=\u00a0\u00bb2c55a9c4-feed-423b-9edb-ae0b5b365cac\u00a0\u00bb width_tablet=\u00a0\u00bb\u00a0\u00bb width_phone=\u00a0\u00bb57%\u00a0\u00bb width_last_edited=\u00a0\u00bbon|phone\u00a0\u00bb locked=\u00a0\u00bboff\u00a0\u00bb global_colors_info=\u00a0\u00bb{}\u00a0\u00bb]<\/p>\n<p>Immerse yourself in an exceptional soundscape with our superior outdoor audio systems, designed to transform your space into a true acoustic sanctuary.<\/p>\n<p>[\/et_pb_text][et_pb_button button_url=\u00a0\u00bb\/contact\u00a0\u00bb button_text=\u00a0\u00bbDemander une soumission\u00a0\u00bb _builder_version=\u00a0\u00bb4.27.4&Prime; _module_preset=\u00a0\u00bb1bffc0fc-42a0-49d1-bd9a-ae3ade2d7206&Prime; locked=\u00a0\u00bboff\u00a0\u00bb global_colors_info=\u00a0\u00bb{}\u00a0\u00bb][\/et_pb_button][\/et_pb_column][et_pb_column type=\u00a0\u00bb1_2&Prime; _builder_version=\u00a0\u00bb4.27.4&Prime; _module_preset=\u00a0\u00bb73121f80-a3ef-4484-8763-c3f18e3c56d2&Prime; global_colors_info=\u00a0\u00bb{}\u00a0\u00bb][\/et_pb_column][\/et_pb_row][\/et_pb_section][et_pb_section fb_built=\u00a0\u00bb1&Prime; admin_label=\u00a0\u00bbAudio\u00a0\u00bb _builder_version=\u00a0\u00bb4.24.3&Prime; _module_preset=\u00a0\u00bbdefault\u00a0\u00bb locked=\u00a0\u00bboff\u00a0\u00bb collapsed=\u00a0\u00bbon\u00a0\u00bb][et_pb_row _builder_version=\u00a0\u00bb4.24.3&Prime; _module_preset=\u00a0\u00bb5138c454-be54-4233-bd3b-f8e6a8747976&Prime; global_colors_info=\u00a0\u00bb{}\u00a0\u00bb][et_pb_column type=\u00a0\u00bb4_4&Prime; _builder_version=\u00a0\u00bb4.18.0&Prime; _module_preset=\u00a0\u00bb73121f80-a3ef-4484-8763-c3f18e3c56d2&Prime; global_colors_info=\u00a0\u00bb{}\u00a0\u00bb][et_pb_heading title=\u00a0\u00bb\u00c9coutez Notre D\u00e9monstration Audio\u00a0\u00bb _builder_version=\u00a0\u00bb4.24.3&Prime; _module_preset=\u00a0\u00bbf0c675ea-2574-4d0e-b725-30f8550a8550&Prime; title_text_color=\u00a0\u00bbgcid-secondary-color\u00a0\u00bb locked=\u00a0\u00bboff\u00a0\u00bb global_colors_info=\u00a0\u00bb{%22gcid-secondary-color%22:%91%22title_text_color%22%93}\u00a0\u00bb][\/et_pb_heading][et_pb_heading title=\u00a0\u00bbAmbiance Sonore Ext\u00e9rieure\u00a0\u00bb _builder_version=\u00a0\u00bb4.24.3&Prime; _module_preset=\u00a0\u00bbc33f07d9-41e0-421a-8799-5799df695cce\u00a0\u00bb locked=\u00a0\u00bboff\u00a0\u00bb global_colors_info=\u00a0\u00bb{}\u00a0\u00bb][\/et_pb_heading][et_pb_text _builder_version=\u00a0\u00bb4.24.3&Prime; _module_preset=\u00a0\u00bb2c55a9c4-feed-423b-9edb-ae0b5b365cac\u00a0\u00bb global_colors_info=\u00a0\u00bb{}\u00a0\u00bb]<\/p>\n<p>Discover how our outdoor audio systems transform your garden into a relaxing and welcoming space. Enjoy unparalleled sound quality, whether for an intimate gathering or a large reception.<\/p>\n<p>[\/et_pb_text][\/et_pb_column][\/et_pb_row][\/et_pb_section][et_pb_section fb_built=\u00a0\u00bb1&Prime; admin_label=\u00a0\u00bbText &#038; Image\u00a0\u00bb _builder_version=\u00a0\u00bb4.18.0&Prime; _module_preset=\u00a0\u00bbdefault\u00a0\u00bb locked=\u00a0\u00bboff\u00a0\u00bb collapsed=\u00a0\u00bbon\u00a0\u00bb][et_pb_row column_structure=\u00a0\u00bb1_2,1_2&Prime; _builder_version=\u00a0\u00bb4.27.4&Prime; _module_preset=\u00a0\u00bb5138c454-be54-4233-bd3b-f8e6a8747976&Prime; global_colors_info=\u00a0\u00bb{}\u00a0\u00bb][et_pb_column type=\u00a0\u00bb1_2&Prime; _builder_version=\u00a0\u00bb4.18.0&Prime; _module_preset=\u00a0\u00bb73121f80-a3ef-4484-8763-c3f18e3c56d2&Prime; global_colors_info=\u00a0\u00bb{}\u00a0\u00bb][et_pb_heading title=\u00a0\u00bbInt\u00e9gration Discr\u00e8te des Haut-Parleurs\u00a0\u00bb _builder_version=\u00a0\u00bb4.24.3&Prime; _module_preset=\u00a0\u00bbc33f07d9-41e0-421a-8799-5799df695cce\u00a0\u00bb locked=\u00a0\u00bboff\u00a0\u00bb global_colors_info=\u00a0\u00bb{}\u00a0\u00bb][\/et_pb_heading][et_pb_text _builder_version=\u00a0\u00bb4.24.2&Prime; _module_preset=\u00a0\u00bb2c55a9c4-feed-423b-9edb-ae0b5b365cac\u00a0\u00bb locked=\u00a0\u00bboff\u00a0\u00bb global_colors_info=\u00a0\u00bb{}\u00a0\u00bb]<\/p>\n<p>Our speakers are designed to blend harmoniously into your outdoor environment. Thanks to innovative designs, they remain invisible while delivering exceptional sound performance, creating a perfect ambiance for your moments of relaxation.<\/p>\n<p>[\/et_pb_text][et_pb_image src=\u00a0\u00bbhttps:\/\/eclairagesmathieu.com\/wp-content\/uploads\/2025\/05\/IMG_9278-2-Grande.jpeg\u00a0\u00bb title_text=\u00a0\u00bbIMG_9278 2 Grande\u00a0\u00bb _builder_version=\u00a0\u00bb4.27.4&Prime; _module_preset=\u00a0\u00bb6ed8fd5c-62c5-4100-98c3-7b8b6d2c2ee6&Prime; global_colors_info=\u00a0\u00bb{}\u00a0\u00bb][\/et_pb_image][\/et_pb_column][et_pb_column type=\u00a0\u00bb1_2&Prime; _builder_version=\u00a0\u00bb4.16&Prime; _module_preset=\u00a0\u00bb73121f80-a3ef-4484-8763-c3f18e3c56d2&Prime; global_colors_info=\u00a0\u00bb{}\u00a0\u00bb][et_pb_image src=\u00a0\u00bbhttps:\/\/eclairagesmathieu.com\/wp-content\/uploads\/2025\/05\/tweeter3.jpeg\u00a0\u00bb title_text=\u00a0\u00bbtweeter3&Prime; _builder_version=\u00a0\u00bb4.27.4&Prime; _module_preset=\u00a0\u00bb6ed8fd5c-62c5-4100-98c3-7b8b6d2c2ee6&Prime; locked=\u00a0\u00bboff\u00a0\u00bb global_colors_info=\u00a0\u00bb{}\u00a0\u00bb][\/et_pb_image][et_pb_accordion _builder_version=\u00a0\u00bb4.23&Prime; _module_preset=\u00a0\u00bb73efbc9d-37bf-4f75-b3d8-498640ef079f\u00a0\u00bb locked=\u00a0\u00bboff\u00a0\u00bb global_colors_info=\u00a0\u00bb{%22gcid-36fd78a7-34bc-404d-873c-dafa34efaae5%22:%91%22quote_icon_color%22,%22icon_color%22,%22open_toggle_text_color%22,%22quote_icon_color%22,%22icon_color%22,%22open_toggle_text_color%22,%22quote_icon_color%22,%22icon_color%22,%22open_toggle_text_color%22%93,%22gcid-f2943306-fa6c-45f0-b632-5fc00151366a%22:%91%22icon_color%22,%22open_toggle_text_color%22,%22icon_color%22,%22open_toggle_text_color%22,%22icon_color%22,%22open_toggle_text_color%22%93,%22gcid-3e0ae39b-d026-4173-b444-0c785917aeff%22:%91%22body_text_color%22,%22body_text_color%22,%22body_text_color%22%93,%22gcid-f113ad93-2527-46d7-862b-fc71181c6b5e%22:%91%22open_toggle_background_color%22,%22open_toggle_background_color%22,%22open_toggle_background_color%22,%22open_toggle_background_color%22,%22open_toggle_background_color%22,%22open_toggle_background_color%22,%22open_toggle_background_color%22,%22open_toggle_background_color%22%93}\u00a0\u00bb][et_pb_accordion_item title=\u00a0\u00bbAvantages de l&rsquo;Int\u00e9gration Discr\u00e8te\u00a0\u00bb open=\u00a0\u00bbon\u00a0\u00bb _builder_version=\u00a0\u00bb4.18.0&Prime; _module_preset=\u00a0\u00bb550abe5c-b505-4d6b-adc7-570bd7cc1217&Prime; global_colors_info=\u00a0\u00bb{}\u00a0\u00bb]<\/p>\n<p>Integrated speakers help maintain your garden's aesthetics while providing optimal sound coverage. They are weather-resistant and easy to control via your smartphone.<\/p>\n<p>[\/et_pb_accordion_item][et_pb_accordion_item title=\u00a0\u00bbTechnologie et Design\u00a0\u00bb _builder_version=\u00a0\u00bb4.18.0&Prime; _module_preset=\u00a0\u00bb550abe5c-b505-4d6b-adc7-570bd7cc1217&Prime; global_colors_info=\u00a0\u00bb{}\u00a0\u00bb open=\u00a0\u00bboff\u00a0\u00bb]<\/p>\n<p><span style=\"font-size: 14px; background-color: #ffffff;\">Our solutions combine cutting-edge technology with elegant design, ensuring an immersive sound experience without compromising the aesthetics of your outdoor space.<\/span><\/p>\n<p>[\/et_pb_accordion_item][et_pb_accordion_item title=\u00a0\u00bbInstallation Personnalis\u00e9e\u00a0\u00bb _builder_version=\u00a0\u00bb4.18.0&Prime; _module_preset=\u00a0\u00bb550abe5c-b505-4d6b-adc7-570bd7cc1217&Prime; global_colors_info=\u00a0\u00bb{}\u00a0\u00bb open=\u00a0\u00bboff\u00a0\u00bb]<\/p>\n<p>We offer a bespoke installation tailored to your specific needs, ensuring each speaker is positioned for perfect acoustics and flawless visual integration.<\/p>\n<p>[\/et_pb_accordion_item][\/et_pb_accordion][\/et_pb_column][\/et_pb_row][\/et_pb_section][et_pb_section fb_built=\u00a0\u00bb1&Prime; admin_label=\u00a0\u00bbText\u00a0\u00bb _builder_version=\u00a0\u00bb4.17.6&Prime; _module_preset=\u00a0\u00bbdefault\u00a0\u00bb locked=\u00a0\u00bboff\u00a0\u00bb collapsed=\u00a0\u00bbon\u00a0\u00bb][et_pb_row _builder_version=\u00a0\u00bb4.17.6&Prime; _module_preset=\u00a0\u00bb5138c454-be54-4233-bd3b-f8e6a8747976&Prime; global_colors_info=\u00a0\u00bb{}\u00a0\u00bb][et_pb_column type=\u00a0\u00bb4_4&Prime; _builder_version=\u00a0\u00bb4.16&Prime; _module_preset=\u00a0\u00bb73121f80-a3ef-4484-8763-c3f18e3c56d2&Prime; global_colors_info=\u00a0\u00bb{}\u00a0\u00bb][et_pb_heading title=\u00a0\u00bbAM\u00c9LIOREZ VOTRE EXP\u00c9RIENCE EN PLEIN AIR\u00a0\u00bb _builder_version=\u00a0\u00bb4.27.4&Prime; _module_preset=\u00a0\u00bbf0c675ea-2574-4d0e-b725-30f8550a8550&Prime; title_text_color=\u00a0\u00bbgcid-primary-color\u00a0\u00bb global_colors_info=\u00a0\u00bb{%22gcid-primary-color%22:%91%22title_text_color%22%93}\u00a0\u00bb][\/et_pb_heading][et_pb_heading title=\u00a0\u00bbUne Qualit\u00e9 Sonore In\u00e9gal\u00e9e Pour Chaque Moment\u00a0\u00bb _builder_version=\u00a0\u00bb4.24.3&Prime; _module_preset=\u00a0\u00bbc33f07d9-41e0-421a-8799-5799df695cce\u00a0\u00bb global_colors_info=\u00a0\u00bb{}\u00a0\u00bb][\/et_pb_heading][et_pb_text _builder_version=\u00a0\u00bb4.24.3&Prime; _module_preset=\u00a0\u00bb2c55a9c4-feed-423b-9edb-ae0b5b365cac\u00a0\u00bb locked=\u00a0\u00bboff\u00a0\u00bb global_colors_info=\u00a0\u00bb{%22gcid-36fd78a7-34bc-404d-873c-dafa34efaae5%22:%91%22icon_color%22,%22icon_color%22%93}\u00a0\u00bb body_font_size_tablet=\u00a0\u00bb15px\u00a0\u00bb body_font_size_phone=\u00a0\u00bb14px\u00a0\u00bb body_font_size_last_edited=\u00a0\u00bbon|desktop\u00a0\u00bb]<\/p>\n<p>Transform your outdoor gatherings with our professional audio systems, designed to seamlessly integrate into your environment. Whether you're hosting a lively party or enjoying a quiet evening, our discreet speakers offer exceptional sound quality, enriching the ambiance and making every moment unforgettable. Experience the perfect blend of technology and nature, and elevate your outdoor spaces to new heights of pleasure and relaxation.<\/p>\n<p>[\/et_pb_text][\/et_pb_column][\/et_pb_row][\/et_pb_section][et_pb_section fb_built=\u00a0\u00bb1&Prime; admin_label=\u00a0\u00bbGallery\u00a0\u00bb module_id=\u00a0\u00bbgalerie\u00a0\u00bb _builder_version=\u00a0\u00bb4.27.4&Prime; _module_preset=\u00a0\u00bbdefault\u00a0\u00bb global_module=\u00a0\u00bb534&Prime; locked=\u00a0\u00bboff\u00a0\u00bb collapsed=\u00a0\u00bbon\u00a0\u00bb][et_pb_row _builder_version=\u00a0\u00bb4.17.6&Prime; _module_preset=\u00a0\u00bb5138c454-be54-4233-bd3b-f8e6a8747976&Prime; locked=\u00a0\u00bboff\u00a0\u00bb global_colors_info=\u00a0\u00bb{}\u00a0\u00bb][et_pb_column type=\u00a0\u00bb4_4&Prime; _builder_version=\u00a0\u00bb4.17.4&Prime; _module_preset=\u00a0\u00bb73121f80-a3ef-4484-8763-c3f18e3c56d2&Prime; global_colors_info=\u00a0\u00bb{}\u00a0\u00bb][et_pb_heading title=\u00a0\u00bbD\u00e9couvrez nos r\u00e9alisations\u00a0\u00bb _builder_version=\u00a0\u00bb4.24.2&Prime; _module_preset=\u00a0\u00bbf0c675ea-2574-4d0e-b725-30f8550a8550&Prime; title_text_align=\u00a0\u00bbcenter\u00a0\u00bb title_text_color=\u00a0\u00bbgcid-primary-color\u00a0\u00bb global_colors_info=\u00a0\u00bb{%22gcid-primary-color%22:%91%22title_text_color%22%93}\u00a0\u00bb][\/et_pb_heading][et_pb_heading title=\u00a0\u00bbGalerie de projets inspirants\u00a0\u00bb _builder_version=\u00a0\u00bb4.24.2&Prime; _module_preset=\u00a0\u00bbc33f07d9-41e0-421a-8799-5799df695cce\u00a0\u00bb title_text_align=\u00a0\u00bbcenter\u00a0\u00bb global_colors_info=\u00a0\u00bb{}\u00a0\u00bb][\/et_pb_heading][\/et_pb_column][\/et_pb_row][et_pb_row column_structure=\u00a0\u00bb1_4,1_4,1_4,1_4&Prime; use_custom_gutter=\u00a0\u00bbon\u00a0\u00bb gutter_width=\u00a0\u00bb2&Prime; _builder_version=\u00a0\u00bb4.23.1&Prime; _module_preset=\u00a0\u00bb5138c454-be54-4233-bd3b-f8e6a8747976&Prime; locked=\u00a0\u00bboff\u00a0\u00bb global_colors_info=\u00a0\u00bb{}\u00a0\u00bb][et_pb_column type=\u00a0\u00bb1_4&Prime; _builder_version=\u00a0\u00bb4.17.4&Prime; _module_preset=\u00a0\u00bb73121f80-a3ef-4484-8763-c3f18e3c56d2&Prime; global_colors_info=\u00a0\u00bb{}\u00a0\u00bb][et_pb_image src=\u00a0\u00bbhttps:\/\/eclairagesmathieu.com\/wp-content\/uploads\/2025\/05\/zLaeaPm62OlQpZORWFGIJPH5HE5LE9zKfRuSrTbA1br_LkUOVr8fTp06AD2c6cdpyV9KLb9HXekDbuG81rrYiuOee81WeRbl3dMCCbj_itKmIY7N2xM3_wRT9DblPLWy8ww1280.jpeg\u00a0\u00bb title_text=\u00a0\u00bbzLaeaPm62OlQpZORWFGIJPH5HE5LE9zKfRuSrTbA1br_LkUOVr8fTp06AD2c6cdpyV9KLb9HXekDbuG81rrYiuOee81WeRbl3dMCCbj_itKmIY7N2xM3_wRT9DblPLWy8w=w1280&Prime; show_in_lightbox=\u00a0\u00bbon\u00a0\u00bb use_overlay=\u00a0\u00bbon\u00a0\u00bb overlay_icon_color=\u00a0\u00bbgcid-secondary-color\u00a0\u00bb _builder_version=\u00a0\u00bb4.27.4&Prime; _module_preset=\u00a0\u00bb6ed8fd5c-62c5-4100-98c3-7b8b6d2c2ee6&Prime; locked=\u00a0\u00bboff\u00a0\u00bb global_colors_info=\u00a0\u00bb{%22gcid-secondary-color%22:%91%22overlay_icon_color%22%93}\u00a0\u00bb][\/et_pb_image][\/et_pb_column][et_pb_column type=\u00a0\u00bb1_4&Prime; _builder_version=\u00a0\u00bb4.17.4&Prime; _module_preset=\u00a0\u00bb73121f80-a3ef-4484-8763-c3f18e3c56d2&Prime; global_colors_info=\u00a0\u00bb{}\u00a0\u00bb][et_pb_image src=\u00a0\u00bbhttps:\/\/eclairagesmathieu.com\/wp-content\/uploads\/2025\/05\/Heq9lqyN0Qg189n9HhMmBXbVRlCPrFw0yhslT6VO0eFgjeg3ZqfQgmTw_Mi8BGhxMC2HBtBYjQwjW4-YcKT11-OMf94HgpvWFQuZZl_6H-Ov5Kn5CpiIqacT38aMQET5AAw1280.jpeg\u00a0\u00bb title_text=\u00a0\u00bbHeq9lqyN0Qg189n9HhMmBXbVRlCPrFw0yhslT6VO0eFgjeg3ZqfQgmTw_Mi8BGhxMC2HBtBYjQwjW4-YcKT11-OMf94HgpvWFQuZZl_6H-Ov5Kn5CpiIqacT38aMQET5AA=w1280&Prime; show_in_lightbox=\u00a0\u00bbon\u00a0\u00bb use_overlay=\u00a0\u00bbon\u00a0\u00bb overlay_icon_color=\u00a0\u00bbgcid-secondary-color\u00a0\u00bb _builder_version=\u00a0\u00bb4.27.4&Prime; _module_preset=\u00a0\u00bb6ed8fd5c-62c5-4100-98c3-7b8b6d2c2ee6&Prime; locked=\u00a0\u00bboff\u00a0\u00bb global_colors_info=\u00a0\u00bb{%22gcid-secondary-color%22:%91%22overlay_icon_color%22%93}\u00a0\u00bb][\/et_pb_image][\/et_pb_column][et_pb_column type=\u00a0\u00bb1_4&Prime; _builder_version=\u00a0\u00bb4.17.4&Prime; _module_preset=\u00a0\u00bb73121f80-a3ef-4484-8763-c3f18e3c56d2&Prime; global_colors_info=\u00a0\u00bb{}\u00a0\u00bb][et_pb_image src=\u00a0\u00bbhttps:\/\/eclairagesmathieu.com\/wp-content\/uploads\/2025\/05\/IMG_9199-2-Grande.jpeg\u00a0\u00bb title_text=\u00a0\u00bbIMG_9199 2 Grande\u00a0\u00bb show_in_lightbox=\u00a0\u00bbon\u00a0\u00bb use_overlay=\u00a0\u00bbon\u00a0\u00bb overlay_icon_color=\u00a0\u00bbgcid-secondary-color\u00a0\u00bb _builder_version=\u00a0\u00bb4.27.4&Prime; _module_preset=\u00a0\u00bb6ed8fd5c-62c5-4100-98c3-7b8b6d2c2ee6&Prime; locked=\u00a0\u00bboff\u00a0\u00bb global_colors_info=\u00a0\u00bb{%22gcid-secondary-color%22:%91%22overlay_icon_color%22%93}\u00a0\u00bb][\/et_pb_image][\/et_pb_column][et_pb_column type=\u00a0\u00bb1_4&Prime; _builder_version=\u00a0\u00bb4.17.4&Prime; _module_preset=\u00a0\u00bb73121f80-a3ef-4484-8763-c3f18e3c56d2&Prime; global_colors_info=\u00a0\u00bb{}\u00a0\u00bb][et_pb_image src=\u00a0\u00bbhttps:\/\/eclairagesmathieu.com\/wp-content\/uploads\/2025\/05\/tweeter3.jpeg\u00a0\u00bb title_text=\u00a0\u00bbtweeter3&Prime; show_in_lightbox=\u00a0\u00bbon\u00a0\u00bb use_overlay=\u00a0\u00bbon\u00a0\u00bb overlay_icon_color=\u00a0\u00bbgcid-secondary-color\u00a0\u00bb _builder_version=\u00a0\u00bb4.27.4&Prime; _module_preset=\u00a0\u00bb6ed8fd5c-62c5-4100-98c3-7b8b6d2c2ee6&Prime; locked=\u00a0\u00bboff\u00a0\u00bb global_colors_info=\u00a0\u00bb{%22gcid-secondary-color%22:%91%22overlay_icon_color%22%93}\u00a0\u00bb][\/et_pb_image][\/et_pb_column][\/et_pb_row][et_pb_row column_structure=\u00a0\u00bb1_6,1_6,1_6,1_6,1_6,1_6&Prime; use_custom_gutter=\u00a0\u00bbon\u00a0\u00bb gutter_width=\u00a0\u00bb2&Prime; _builder_version=\u00a0\u00bb4.24.3&Prime; _module_preset=\u00a0\u00bb5138c454-be54-4233-bd3b-f8e6a8747976&Prime; locked=\u00a0\u00bboff\u00a0\u00bb global_colors_info=\u00a0\u00bb{}\u00a0\u00bb][et_pb_column type=\u00a0\u00bb1_6&Prime; _builder_version=\u00a0\u00bb4.17.4&Prime; _module_preset=\u00a0\u00bb73121f80-a3ef-4484-8763-c3f18e3c56d2&Prime; global_colors_info=\u00a0\u00bb{}\u00a0\u00bb][et_pb_image src=\u00a0\u00bbhttps:\/\/eclairagesmathieu.com\/wp-content\/uploads\/2025\/05\/banner_prod_cat_path_lights_4.jpeg\u00a0\u00bb title_text=\u00a0\u00bbbanner_prod_cat_path_lights_4&Prime; show_in_lightbox=\u00a0\u00bbon\u00a0\u00bb use_overlay=\u00a0\u00bbon\u00a0\u00bb overlay_icon_color=\u00a0\u00bbgcid-secondary-color\u00a0\u00bb _builder_version=\u00a0\u00bb4.27.4&Prime; _module_preset=\u00a0\u00bb6ed8fd5c-62c5-4100-98c3-7b8b6d2c2ee6&Prime; locked=\u00a0\u00bboff\u00a0\u00bb global_colors_info=\u00a0\u00bb{%22gcid-secondary-color%22:%91%22overlay_icon_color%22%93}\u00a0\u00bb][\/et_pb_image][\/et_pb_column][et_pb_column type=\u00a0\u00bb1_6&Prime; _builder_version=\u00a0\u00bb4.17.4&Prime; _module_preset=\u00a0\u00bb73121f80-a3ef-4484-8763-c3f18e3c56d2&Prime; global_colors_info=\u00a0\u00bb{}\u00a0\u00bb][et_pb_image src=\u00a0\u00bbhttps:\/\/eclairagesmathieu.com\/wp-content\/uploads\/2025\/05\/IMG_9247-2-Grande.jpeg\u00a0\u00bb title_text=\u00a0\u00bbIMG_9247 2 Grande\u00a0\u00bb show_in_lightbox=\u00a0\u00bbon\u00a0\u00bb use_overlay=\u00a0\u00bbon\u00a0\u00bb overlay_icon_color=\u00a0\u00bbgcid-secondary-color\u00a0\u00bb _builder_version=\u00a0\u00bb4.27.4&Prime; _module_preset=\u00a0\u00bb6ed8fd5c-62c5-4100-98c3-7b8b6d2c2ee6&Prime; locked=\u00a0\u00bboff\u00a0\u00bb global_colors_info=\u00a0\u00bb{%22gcid-secondary-color%22:%91%22overlay_icon_color%22%93}\u00a0\u00bb][\/et_pb_image][\/et_pb_column][et_pb_column type=\u00a0\u00bb1_6&Prime; _builder_version=\u00a0\u00bb4.17.4&Prime; _module_preset=\u00a0\u00bb73121f80-a3ef-4484-8763-c3f18e3c56d2&Prime; global_colors_info=\u00a0\u00bb{}\u00a0\u00bb][et_pb_image src=\u00a0\u00bbhttps:\/\/eclairagesmathieu.com\/wp-content\/uploads\/2025\/05\/IMG_9282-2-Grande.jpeg\u00a0\u00bb title_text=\u00a0\u00bbIMG_9282 2 Grande\u00a0\u00bb show_in_lightbox=\u00a0\u00bbon\u00a0\u00bb use_overlay=\u00a0\u00bbon\u00a0\u00bb overlay_icon_color=\u00a0\u00bbgcid-secondary-color\u00a0\u00bb _builder_version=\u00a0\u00bb4.27.4&Prime; _module_preset=\u00a0\u00bb6ed8fd5c-62c5-4100-98c3-7b8b6d2c2ee6&Prime; locked=\u00a0\u00bboff\u00a0\u00bb global_colors_info=\u00a0\u00bb{%22gcid-secondary-color%22:%91%22overlay_icon_color%22%93}\u00a0\u00bb][\/et_pb_image][\/et_pb_column][et_pb_column type=\u00a0\u00bb1_6&Prime; _builder_version=\u00a0\u00bb4.17.4&Prime; _module_preset=\u00a0\u00bb73121f80-a3ef-4484-8763-c3f18e3c56d2&Prime; global_colors_info=\u00a0\u00bb{}\u00a0\u00bb][et_pb_image src=\u00a0\u00bbhttps:\/\/eclairagesmathieu.com\/wp-content\/uploads\/2025\/05\/IMG_9278-2-Grande.jpeg\u00a0\u00bb title_text=\u00a0\u00bbIMG_9278 2 Grande\u00a0\u00bb show_in_lightbox=\u00a0\u00bbon\u00a0\u00bb use_overlay=\u00a0\u00bbon\u00a0\u00bb overlay_icon_color=\u00a0\u00bbgcid-secondary-color\u00a0\u00bb _builder_version=\u00a0\u00bb4.27.4&Prime; _module_preset=\u00a0\u00bb6ed8fd5c-62c5-4100-98c3-7b8b6d2c2ee6&Prime; locked=\u00a0\u00bboff\u00a0\u00bb global_colors_info=\u00a0\u00bb{%22gcid-secondary-color%22:%91%22overlay_icon_color%22%93}\u00a0\u00bb][\/et_pb_image][\/et_pb_column][et_pb_column type=\u00a0\u00bb1_6&Prime; _builder_version=\u00a0\u00bb4.17.4&Prime; _module_preset=\u00a0\u00bb73121f80-a3ef-4484-8763-c3f18e3c56d2&Prime; global_colors_info=\u00a0\u00bb{}\u00a0\u00bb][et_pb_image src=\u00a0\u00bbhttps:\/\/eclairagesmathieu.com\/wp-content\/uploads\/2025\/05\/IMG_9269-2-Grande.jpeg\u00a0\u00bb title_text=\u00a0\u00bbIMG_9269 2 Grande\u00a0\u00bb show_in_lightbox=\u00a0\u00bbon\u00a0\u00bb use_overlay=\u00a0\u00bbon\u00a0\u00bb overlay_icon_color=\u00a0\u00bbgcid-secondary-color\u00a0\u00bb _builder_version=\u00a0\u00bb4.27.4&Prime; _module_preset=\u00a0\u00bb6ed8fd5c-62c5-4100-98c3-7b8b6d2c2ee6&Prime; locked=\u00a0\u00bboff\u00a0\u00bb global_colors_info=\u00a0\u00bb{%22gcid-secondary-color%22:%91%22overlay_icon_color%22%93}\u00a0\u00bb][\/et_pb_image][\/et_pb_column][et_pb_column type=\u00a0\u00bb1_6&Prime; _builder_version=\u00a0\u00bb4.17.4&Prime; _module_preset=\u00a0\u00bb73121f80-a3ef-4484-8763-c3f18e3c56d2&Prime; global_colors_info=\u00a0\u00bb{}\u00a0\u00bb][et_pb_image src=\u00a0\u00bbhttps:\/\/eclairagesmathieu.com\/wp-content\/uploads\/2025\/05\/IMG_9283-2-Grande.jpeg\u00a0\u00bb title_text=\u00a0\u00bbIMG_9283 2 Grande\u00a0\u00bb show_in_lightbox=\u00a0\u00bbon\u00a0\u00bb use_overlay=\u00a0\u00bbon\u00a0\u00bb overlay_icon_color=\u00a0\u00bbgcid-secondary-color\u00a0\u00bb _builder_version=\u00a0\u00bb4.27.4&Prime; _module_preset=\u00a0\u00bb6ed8fd5c-62c5-4100-98c3-7b8b6d2c2ee6&Prime; locked=\u00a0\u00bboff\u00a0\u00bb global_colors_info=\u00a0\u00bb{%22gcid-secondary-color%22:%91%22overlay_icon_color%22%93}\u00a0\u00bb][\/et_pb_image][\/et_pb_column][\/et_pb_row][\/et_pb_section][et_pb_section fb_built=\u00a0\u00bb1&Prime; admin_label=\u00a0\u00bbCall to Action\u00a0\u00bb _builder_version=\u00a0\u00bb4.23.1&Prime; _module_preset=\u00a0\u00bbdefault\u00a0\u00bb use_background_color_gradient=\u00a0\u00bbon\u00a0\u00bb background_color_gradient_stops=\u00a0\u00bbrgba(0,0,0,0.75) 0%|rgba(0,0,0,0.75) 100%\u00a0\u00bb background_color_gradient_overlays_image=\u00a0\u00bbon\u00a0\u00bb background_image=\u00a0\u00bbhttps:\/\/images.unsplash.com\/photo-1466428996289-fb355538da1b?ixid=M3w1ODkyNzF8MHwxfHNlYXJjaHw1fHxoaWRkZW4lMjBhdWRpbyUyMHN5c3RlbXxlbnwwfDB8fHwxNzQ1NzM2NTE2fDA&#038;ixlib=rb-4.0.3&#038;fm=webp&#038;fit=crop&#038;crop=entropy&#038;w=1920&#038;h=1080&#038;q=20&#038;dpr=2&Prime; custom_padding=\u00a0\u00bb8vw||8vw||true|false\u00a0\u00bb locked=\u00a0\u00bboff\u00a0\u00bb collapsed=\u00a0\u00bbon\u00a0\u00bb global_colors_info=\u00a0\u00bb{%22gcid-36fd78a7-34bc-404d-873c-dafa34efaae5%22:%91%22button_text_color%22%93}\u00a0\u00bb][et_pb_row _builder_version=\u00a0\u00bb4.23.1&Prime; _module_preset=\u00a0\u00bb5138c454-be54-4233-bd3b-f8e6a8747976&Prime; width=\u00a0\u00bb70%\u00a0\u00bb max_width=\u00a0\u00bbnone\u00a0\u00bb global_colors_info=\u00a0\u00bb{}\u00a0\u00bb][et_pb_column type=\u00a0\u00bb4_4&Prime; _builder_version=\u00a0\u00bb4.17.6&Prime; _module_preset=\u00a0\u00bb73121f80-a3ef-4484-8763-c3f18e3c56d2&Prime; global_colors_info=\u00a0\u00bb{}\u00a0\u00bb][et_pb_heading title=\u00a0\u00bbD\u00e9couvrez l&rsquo;exp\u00e9rience sonore ultime dans votre jardin\u00a0\u00bb _builder_version=\u00a0\u00bb4.24.2&Prime; _module_preset=\u00a0\u00bbddeb8c09-9078-4424-bc15-2efb6572e28e\u00a0\u00bb title_text_align=\u00a0\u00bbcenter\u00a0\u00bb title_text_color=\u00a0\u00bb#FFFFFF\u00a0\u00bb global_colors_info=\u00a0\u00bb{}\u00a0\u00bb][\/et_pb_heading][et_pb_button button_url=\u00a0\u00bb\/contact\u00a0\u00bb button_text=\u00a0\u00bbDemandez votre d\u00e9monstration gratuite\u00a0\u00bb button_alignment=\u00a0\u00bbcenter\u00a0\u00bb _builder_version=\u00a0\u00bb4.27.4&Prime; _module_preset=\u00a0\u00bbab15fb74-61a3-43aa-96b3-41e09aeef654&Prime; locked=\u00a0\u00bboff\u00a0\u00bb global_colors_info=\u00a0\u00bb{}\u00a0\u00bb][\/et_pb_button][\/et_pb_column][\/et_pb_row][\/et_pb_section]<\/p>","protected":false},"excerpt":{"rendered":"<p>Plongez dans un univers sonore exceptionnel avec nos syst\u00e8mes audio ext\u00e9rieurs de qualit\u00e9 sup\u00e9rieure, con\u00e7us pour transformer votre espace en un v\u00e9ritable havre de paix acoustique.D\u00e9couvrez comment nos syst\u00e8mes audio ext\u00e9rieurs transforment votre jardin en un espace de d\u00e9tente et de convivialit\u00e9. Profitez d&rsquo;une qualit\u00e9 sonore in\u00e9gal\u00e9e, que ce soit pour une soir\u00e9e intime ou [&hellip;]<\/p>","protected":false},"author":1,"featured_media":0,"parent":0,"menu_order":0,"comment_status":"closed","ping_status":"closed","template":"","meta":{"_et_pb_use_builder":"on","_et_pb_old_content":"","_et_gb_content_width":"","footnotes":""},"class_list":["post-438","page","type-page","status-publish","hentry"],"_links":{"self":[{"href":"https:\/\/eclairagesmathieu.com\/en\/wp-json\/wp\/v2\/pages\/438","targetHints":{"allow":["GET"]}}],"collection":[{"href":"https:\/\/eclairagesmathieu.com\/en\/wp-json\/wp\/v2\/pages"}],"about":[{"href":"https:\/\/eclairagesmathieu.com\/en\/wp-json\/wp\/v2\/types\/page"}],"author":[{"embeddable":true,"href":"https:\/\/eclairagesmathieu.com\/en\/wp-json\/wp\/v2\/users\/1"}],"replies":[{"embeddable":true,"href":"https:\/\/eclairagesmathieu.com\/en\/wp-json\/wp\/v2\/comments?post=438"}],"version-history":[{"count":5,"href":"https:\/\/eclairagesmathieu.com\/en\/wp-json\/wp\/v2\/pages\/438\/revisions"}],"predecessor-version":[{"id":594,"href":"https:\/\/eclairagesmathieu.com\/en\/wp-json\/wp\/v2\/pages\/438\/revisions\/594"}],"wp:attachment":[{"href":"https:\/\/eclairagesmathieu.com\/en\/wp-json\/wp\/v2\/media?parent=438"}],"curies":[{"name":"wp","href":"https:\/\/api.w.org\/{rel}","templated":true}]}}