{"id":653,"date":"2025-06-25T16:42:57","date_gmt":"2025-06-25T20:42:57","guid":{"rendered":"https:\/\/eclairagesmathieu.com\/?page_id=653"},"modified":"2025-06-25T17:20:01","modified_gmt":"2025-06-25T21:20:01","slug":"653-2","status":"publish","type":"page","link":"https:\/\/eclairagesmathieu.com\/en\/653-2\/","title":{"rendered":"Merci"},"content":{"rendered":"<p>[et_pb_section fb_built=\u00a0\u00bb1&Prime; _builder_version=\u00a0\u00bb4.27.4&Prime; _module_preset=\u00a0\u00bbdefault\u00a0\u00bb global_colors_info=\u00a0\u00bb{}\u00a0\u00bb][et_pb_row _builder_version=\u00a0\u00bb4.27.4&Prime; _module_preset=\u00a0\u00bbdefault\u00a0\u00bb global_colors_info=\u00a0\u00bb{}\u00a0\u00bb][et_pb_column type=\u00a0\u00bb4_4&Prime; _builder_version=\u00a0\u00bb4.27.4&Prime; _module_preset=\u00a0\u00bbdefault\u00a0\u00bb global_colors_info=\u00a0\u00bb{}\u00a0\u00bb][et_pb_text _builder_version=\u00a0\u00bb4.27.4&Prime; _module_preset=\u00a0\u00bbdefault\u00a0\u00bb global_colors_info=\u00a0\u00bb{}\u00a0\u00bb]<\/p>\n<h2 style=\"text-align: center;\">Thank you for your submission!<\/h2>\n<p data-start=\"248\" data-end=\"399\" style=\"text-align: center;\">We have received your request.<br data-start=\"283\" data-end=\"286\" \/>A member of the \u00c9claire Mathieu team will contact you as soon as possible to discuss your project.<\/p>\n<p data-start=\"401\" data-end=\"550\" style=\"text-align: center;\">In the meantime, feel free to browse our site to discover our latest achievements in <strong data-start=\"497\" data-end=\"549\">landscape lighting, outdoor audio and home automation<\/strong>.<\/p>\n<p>[\/et_pb_text][et_pb_code _builder_version=\u00a0\u00bb4.27.4&Prime; _module_preset=\u00a0\u00bbdefault\u00a0\u00bb hover_enabled=\u00a0\u00bb0&Prime; sticky_enabled=\u00a0\u00bb0&Prime;]<!-- Event snippet for Envoi de formulaire pour prospects (1) conversion page --><!-- [et_pb_line_break_holder] --><script><!-- [et_pb_line_break_holder] -->  gtag('event', 'conversion', {<!-- [et_pb_line_break_holder] -->      'send_to': 'AW-17126808126\/eEPHCIW8yOEaEL602eY_',<!-- [et_pb_line_break_holder] -->      'value': 1.0,<!-- [et_pb_line_break_holder] -->      'currency': 'CAD'<!-- [et_pb_line_break_holder] -->  });<!-- [et_pb_line_break_holder] --><\/script><!-- [et_pb_line_break_holder] -->[\/et_pb_code][et_pb_code _builder_version=\u00a0\u00bb4.27.4&Prime; _module_preset=\u00a0\u00bbdefault\u00a0\u00bb hover_enabled=\u00a0\u00bb0&Prime; sticky_enabled=\u00a0\u00bb0&Prime;]<!-- Event snippet for Envoi de formulaire pour prospects conversion page --><!-- [et_pb_line_break_holder] --><script><!-- [et_pb_line_break_holder] -->  gtag('event', 'conversion', {<!-- [et_pb_line_break_holder] -->      'send_to': 'AW-17126808126\/cE6LCMCsyOEaEL602eY_',<!-- [et_pb_line_break_holder] -->      'value': 1.0,<!-- [et_pb_line_break_holder] -->      'currency': 'CAD'<!-- [et_pb_line_break_holder] -->  });<!-- [et_pb_line_break_holder] --><\/script><!-- [et_pb_line_break_holder] -->[\/et_pb_code][\/et_pb_column][\/et_pb_row][\/et_pb_section]<\/p>","protected":false},"excerpt":{"rendered":"<p>Merci pour votre soumission! Nous avons bien re\u00e7u votre demande.Un membre de l\u2019\u00e9quipe d\u2019\u00c9claire Mathieu vous contactera dans les plus brefs d\u00e9lais pour discuter de votre projet. En attendant, n\u2019h\u00e9sitez pas \u00e0 parcourir notre site pour d\u00e9couvrir nos derni\u00e8res r\u00e9alisations en \u00e9clairage paysager, audio ext\u00e9rieur et domotique.<\/p>","protected":false},"author":1,"featured_media":0,"parent":0,"menu_order":0,"comment_status":"closed","ping_status":"closed","template":"","meta":{"_et_pb_use_builder":"on","_et_pb_old_content":"","_et_gb_content_width":"","footnotes":""},"class_list":["post-653","page","type-page","status-publish","hentry"],"_links":{"self":[{"href":"https:\/\/eclairagesmathieu.com\/en\/wp-json\/wp\/v2\/pages\/653","targetHints":{"allow":["GET"]}}],"collection":[{"href":"https:\/\/eclairagesmathieu.com\/en\/wp-json\/wp\/v2\/pages"}],"about":[{"href":"https:\/\/eclairagesmathieu.com\/en\/wp-json\/wp\/v2\/types\/page"}],"author":[{"embeddable":true,"href":"https:\/\/eclairagesmathieu.com\/en\/wp-json\/wp\/v2\/users\/1"}],"replies":[{"embeddable":true,"href":"https:\/\/eclairagesmathieu.com\/en\/wp-json\/wp\/v2\/comments?post=653"}],"version-history":[{"count":4,"href":"https:\/\/eclairagesmathieu.com\/en\/wp-json\/wp\/v2\/pages\/653\/revisions"}],"predecessor-version":[{"id":659,"href":"https:\/\/eclairagesmathieu.com\/en\/wp-json\/wp\/v2\/pages\/653\/revisions\/659"}],"wp:attachment":[{"href":"https:\/\/eclairagesmathieu.com\/en\/wp-json\/wp\/v2\/media?parent=653"}],"curies":[{"name":"wp","href":"https:\/\/api.w.org\/{rel}","templated":true}]}}